{"id":657,"date":"2014-06-13T17:09:35","date_gmt":"2014-06-13T15:09:35","guid":{"rendered":"http:\/\/claireloupiac.com\/?page_id=657"},"modified":"2014-06-25T15:19:01","modified_gmt":"2014-06-25T13:19:01","slug":"residence-ephemere-mur-pignon-montreuil-2014","status":"publish","type":"page","link":"https:\/\/claireloupiac.com\/?page_id=657","title":{"rendered":"R\u00e9sidence \u00e9ph\u00e9m\u00e8re, Pignon sur rue, Montreuil, 2014"},"content":{"rendered":"<p><a title=\"Pignon sur rue, Hide and Seek, 4m50 x 6m, 2014\" href=\"http:\/\/claireloupiac.com\/wp-content\/uploads\/2014\/06\/IMG_9566.jpg\"><img loading=\"lazy\" decoding=\"async\" class=\"size-medium wp-image-668  alignnone\" alt=\"IMG_9566\" src=\"http:\/\/claireloupiac.com\/wp-content\/uploads\/2014\/06\/IMG_9566-200x300.jpg\" width=\"200\" height=\"300\" data-id=\"668\" srcset=\"https:\/\/claireloupiac.com\/wp-content\/uploads\/2014\/06\/IMG_9566-200x300.jpg 200w, https:\/\/claireloupiac.com\/wp-content\/uploads\/2014\/06\/IMG_9566-100x150.jpg 100w, https:\/\/claireloupiac.com\/wp-content\/uploads\/2014\/06\/IMG_9566-682x1024.jpg 682w, https:\/\/claireloupiac.com\/wp-content\/uploads\/2014\/06\/IMG_9566.jpg 1504w\" sizes=\"auto, (max-width: 200px) 100vw, 200px\" \/><\/a> <a title=\"Pignon sur rue, Hide and Seek, 4m50 x 6m, 2014\" href=\"http:\/\/claireloupiac.com\/wp-content\/uploads\/2014\/06\/IMG_9571.jpg\"><img loading=\"lazy\" decoding=\"async\" class=\"size-medium wp-image-670  alignnone\" alt=\"IMG_9571\" src=\"http:\/\/claireloupiac.com\/wp-content\/uploads\/2014\/06\/IMG_9571-300x200.jpg\" width=\"300\" height=\"200\" data-id=\"670\" srcset=\"https:\/\/claireloupiac.com\/wp-content\/uploads\/2014\/06\/IMG_9571-300x200.jpg 300w, https:\/\/claireloupiac.com\/wp-content\/uploads\/2014\/06\/IMG_9571-150x100.jpg 150w, https:\/\/claireloupiac.com\/wp-content\/uploads\/2014\/06\/IMG_9571-1024x682.jpg 1024w\" sizes=\"auto, (max-width: 300px) 100vw, 300px\" \/><\/a><\/p>\n","protected":false},"excerpt":{"rendered":"","protected":false},"author":2,"featured_media":0,"parent":59,"menu_order":0,"comment_status":"open","ping_status":"open","template":"expositions.php","meta":{"footnotes":""},"class_list":["post-657","page","type-page","status-publish","hentry"],"_links":{"self":[{"href":"https:\/\/claireloupiac.com\/index.php?rest_route=\/wp\/v2\/pages\/657","targetHints":{"allow":["GET"]}}],"collection":[{"href":"https:\/\/claireloupiac.com\/index.php?rest_route=\/wp\/v2\/pages"}],"about":[{"href":"https:\/\/claireloupiac.com\/index.php?rest_route=\/wp\/v2\/types\/page"}],"author":[{"embeddable":true,"href":"https:\/\/claireloupiac.com\/index.php?rest_route=\/wp\/v2\/users\/2"}],"replies":[{"embeddable":true,"href":"https:\/\/claireloupiac.com\/index.php?rest_route=%2Fwp%2Fv2%2Fcomments&post=657"}],"version-history":[{"count":23,"href":"https:\/\/claireloupiac.com\/index.php?rest_route=\/wp\/v2\/pages\/657\/revisions"}],"predecessor-version":[{"id":694,"href":"https:\/\/claireloupiac.com\/index.php?rest_route=\/wp\/v2\/pages\/657\/revisions\/694"}],"up":[{"embeddable":true,"href":"https:\/\/claireloupiac.com\/index.php?rest_route=\/wp\/v2\/pages\/59"}],"wp:attachment":[{"href":"https:\/\/claireloupiac.com\/index.php?rest_route=%2Fwp%2Fv2%2Fmedia&parent=657"}],"curies":[{"name":"wp","href":"https:\/\/api.w.org\/{rel}","templated":true}]}}