{"id":507,"date":"2014-04-18T14:27:03","date_gmt":"2014-04-18T12:27:03","guid":{"rendered":"http:\/\/claireloupiac.com\/?page_id=507"},"modified":"2014-05-08T22:52:08","modified_gmt":"2014-05-08T20:52:08","slug":"petit-ange-de-la-nuit","status":"publish","type":"page","link":"https:\/\/claireloupiac.com\/?page_id=507","title":{"rendered":"Petit ange de la nuit"},"content":{"rendered":"<p><a title=\"&gt; Petit ange de la nuit, Aquarelle sur papier et tirages num\u00e9riques sur adh\u00e9sif, 72 x 122,5\" href=\"http:\/\/claireloupiac.com\/wp-content\/uploads\/2014\/04\/d\u00e9tail3petit-ange.jpeg\"><img loading=\"lazy\" decoding=\"async\" class=\"alignnone size-m\u00e9dium wp-image-509\" alt=\"d\u00e9tail3petit ange\" src=\"http:\/\/claireloupiac.com\/wp-content\/uploads\/2014\/04\/d\u00e9tail3petit-ange.jpeg\" width=\"480\" height=\"640\" data-id=\"509\" srcset=\"https:\/\/claireloupiac.com\/wp-content\/uploads\/2014\/04\/d\u00e9tail3petit-ange.jpeg 480w, https:\/\/claireloupiac.com\/wp-content\/uploads\/2014\/04\/d\u00e9tail3petit-ange-112x150.jpeg 112w, https:\/\/claireloupiac.com\/wp-content\/uploads\/2014\/04\/d\u00e9tail3petit-ange-225x300.jpeg 225w\" sizes=\"auto, (max-width: 480px) 100vw, 480px\" \/><\/a>\u00a0<a title=\"&gt; Petit ange de la nuit (d\u00e9tail), Aquarelle sur papier et tirages num\u00e9riques sur adh\u00e9sif, 72 x 122,5\" href=\"http:\/\/claireloupiac.com\/wp-content\/uploads\/2014\/04\/d\u00e9tail2petit-ange-de-la-nuit.jpeg\"><img loading=\"lazy\" decoding=\"async\" class=\"alignnone size-medium wp-image-508\" alt=\"Petit ange de la nuit (d\u00e9tail)\" src=\"http:\/\/claireloupiac.com\/wp-content\/uploads\/2014\/04\/d\u00e9tail2petit-ange-de-la-nuit.jpeg\" width=\"480\" height=\"640\" data-id=\"508\" srcset=\"https:\/\/claireloupiac.com\/wp-content\/uploads\/2014\/04\/d\u00e9tail2petit-ange-de-la-nuit.jpeg 480w, https:\/\/claireloupiac.com\/wp-content\/uploads\/2014\/04\/d\u00e9tail2petit-ange-de-la-nuit-112x150.jpeg 112w, https:\/\/claireloupiac.com\/wp-content\/uploads\/2014\/04\/d\u00e9tail2petit-ange-de-la-nuit-225x300.jpeg 225w\" sizes=\"auto, (max-width: 480px) 100vw, 480px\" \/><\/a> <a title=\"&gt; Petit ange de la nuit, Aquarelle sur papier et tirages num\u00e9riques sur adh\u00e9sif, 72 x 122,5\" href=\"http:\/\/claireloupiac.com\/wp-content\/uploads\/2014\/04\/petit-ange-de-la-nuit.jpeg\"><img loading=\"lazy\" decoding=\"async\" class=\"alignnone size-m\u00e9dium wp-image-510\" alt=\"petit ange de la nuit\" src=\"http:\/\/claireloupiac.com\/wp-content\/uploads\/2014\/04\/petit-ange-de-la-nuit.jpeg\" width=\"385\" height=\"640\" data-id=\"510\" srcset=\"https:\/\/claireloupiac.com\/wp-content\/uploads\/2014\/04\/petit-ange-de-la-nuit.jpeg 385w, https:\/\/claireloupiac.com\/wp-content\/uploads\/2014\/04\/petit-ange-de-la-nuit-90x150.jpeg 90w, https:\/\/claireloupiac.com\/wp-content\/uploads\/2014\/04\/petit-ange-de-la-nuit-180x300.jpeg 180w\" sizes=\"auto, (max-width: 385px) 100vw, 385px\" \/><\/a><\/p>\n","protected":false},"excerpt":{"rendered":"<p>\u00a0<\/p>\n","protected":false},"author":1,"featured_media":0,"parent":121,"menu_order":3,"comment_status":"open","ping_status":"closed","template":"portfolio.php","meta":{"footnotes":""},"class_list":["post-507","page","type-page","status-publish","hentry"],"_links":{"self":[{"href":"https:\/\/claireloupiac.com\/index.php?rest_route=\/wp\/v2\/pages\/507","targetHints":{"allow":["GET"]}}],"collection":[{"href":"https:\/\/claireloupiac.com\/index.php?rest_route=\/wp\/v2\/pages"}],"about":[{"href":"https:\/\/claireloupiac.com\/index.php?rest_route=\/wp\/v2\/types\/page"}],"author":[{"embeddable":true,"href":"https:\/\/claireloupiac.com\/index.php?rest_route=\/wp\/v2\/users\/1"}],"replies":[{"embeddable":true,"href":"https:\/\/claireloupiac.com\/index.php?rest_route=%2Fwp%2Fv2%2Fcomments&post=507"}],"version-history":[{"count":3,"href":"https:\/\/claireloupiac.com\/index.php?rest_route=\/wp\/v2\/pages\/507\/revisions"}],"predecessor-version":[{"id":556,"href":"https:\/\/claireloupiac.com\/index.php?rest_route=\/wp\/v2\/pages\/507\/revisions\/556"}],"up":[{"embeddable":true,"href":"https:\/\/claireloupiac.com\/index.php?rest_route=\/wp\/v2\/pages\/121"}],"wp:attachment":[{"href":"https:\/\/claireloupiac.com\/index.php?rest_route=%2Fwp%2Fv2%2Fmedia&parent=507"}],"curies":[{"name":"wp","href":"https:\/\/api.w.org\/{rel}","templated":true}]}}