{"id":196,"date":"2013-12-20T00:29:53","date_gmt":"2013-12-19T22:29:53","guid":{"rendered":"http:\/\/claireloupiac.com\/?page_id=196"},"modified":"2014-05-11T23:27:42","modified_gmt":"2014-05-11T21:27:42","slug":"colonnes","status":"publish","type":"page","link":"https:\/\/claireloupiac.com\/?page_id=196","title":{"rendered":"Colonnes"},"content":{"rendered":"<p><a title=\"Le souffle des demoiselles - d\u00e9tail, papier - tirages num\u00e9riques - PVC, 5 m x 70cm.\" href=\"http:\/\/claireloupiac.com\/wp-content\/uploads\/2013\/11\/IMG_9629.jpeg\"><img loading=\"lazy\" decoding=\"async\" class=\"alignnone size-medium wp-image-107\" alt=\"IMG_9629\" src=\"http:\/\/claireloupiac.com\/wp-content\/uploads\/2013\/11\/IMG_9629-225x300.jpeg\" width=\"225\" height=\"300\" srcset=\"https:\/\/claireloupiac.com\/wp-content\/uploads\/2013\/11\/IMG_9629-225x300.jpeg 225w, https:\/\/claireloupiac.com\/wp-content\/uploads\/2013\/11\/IMG_9629-112x150.jpeg 112w, https:\/\/claireloupiac.com\/wp-content\/uploads\/2013\/11\/IMG_9629.jpeg 480w\" sizes=\"auto, (max-width: 225px) 100vw, 225px\" \/><\/a> <a title=\"Le souffle des demoiselles - d\u00e9tail, papier - tirages num\u00e9riques - PVC, 5 m x 60cm.\" href=\"http:\/\/claireloupiac.com\/wp-content\/uploads\/2013\/12\/FINALcol-d\u00e9tail3.jpeg\"><img loading=\"lazy\" decoding=\"async\" class=\"alignnone size-medium wp-image-253\" alt=\"FINALcol-d\u00e9tail3\" src=\"http:\/\/claireloupiac.com\/wp-content\/uploads\/2013\/12\/FINALcol-d\u00e9tail3-191x300.jpeg\" width=\"191\" height=\"300\" srcset=\"https:\/\/claireloupiac.com\/wp-content\/uploads\/2013\/12\/FINALcol-d\u00e9tail3-191x300.jpeg 191w, https:\/\/claireloupiac.com\/wp-content\/uploads\/2013\/12\/FINALcol-d\u00e9tail3-95x150.jpeg 95w, https:\/\/claireloupiac.com\/wp-content\/uploads\/2013\/12\/FINALcol-d\u00e9tail3.jpeg 409w\" sizes=\"auto, (max-width: 191px) 100vw, 191px\" \/><\/a> <a title=\"Le souffle des demoiselles - d\u00e9tail, papier - tirages num\u00e9riques - PVC, 5 m x 65 cm.\" href=\"http:\/\/claireloupiac.com\/wp-content\/uploads\/2013\/12\/FINALcol-d\u00e9tail4.jpeg\"><img loading=\"lazy\" decoding=\"async\" class=\"alignnone size-medium wp-image-254\" alt=\"FINALcol-d\u00e9tail4\" src=\"http:\/\/claireloupiac.com\/wp-content\/uploads\/2013\/12\/FINALcol-d\u00e9tail4-225x300.jpeg\" width=\"225\" height=\"300\" srcset=\"https:\/\/claireloupiac.com\/wp-content\/uploads\/2013\/12\/FINALcol-d\u00e9tail4-225x300.jpeg 225w, https:\/\/claireloupiac.com\/wp-content\/uploads\/2013\/12\/FINALcol-d\u00e9tail4-112x150.jpeg 112w, https:\/\/claireloupiac.com\/wp-content\/uploads\/2013\/12\/FINALcol-d\u00e9tail4.jpeg 480w\" sizes=\"auto, (max-width: 225px) 100vw, 225px\" \/><\/a> <a title=\"Le souffle des demoiselles - d\u00e9tail.\" href=\"http:\/\/claireloupiac.com\/wp-content\/uploads\/2013\/12\/FINALcolonne-d\u00e9tail.jpeg\"><img loading=\"lazy\" decoding=\"async\" class=\"alignnone size-m\u00e9dium wp-image-255\" alt=\"FINALcolonne-d\u00e9tail\" src=\"http:\/\/claireloupiac.com\/wp-content\/uploads\/2013\/12\/FINALcolonne-d\u00e9tail.jpeg\" width=\"480\" height=\"640\" srcset=\"https:\/\/claireloupiac.com\/wp-content\/uploads\/2013\/12\/FINALcolonne-d\u00e9tail.jpeg 480w, https:\/\/claireloupiac.com\/wp-content\/uploads\/2013\/12\/FINALcolonne-d\u00e9tail-112x150.jpeg 112w, https:\/\/claireloupiac.com\/wp-content\/uploads\/2013\/12\/FINALcolonne-d\u00e9tail-225x300.jpeg 225w\" sizes=\"auto, (max-width: 480px) 100vw, 480px\" \/><\/a><a title=\"Lectures, papier - tirages num\u00e9riques - PVC - poly\u00e9thyl\u00e8ne, 360 x 60 cm.\" href=\"http:\/\/claireloupiac.com\/wp-content\/uploads\/2013\/12\/FINAL-colonne-blanche.jpeg\"><img loading=\"lazy\" decoding=\"async\" class=\"alignnone size-medium wp-image-198\" alt=\"FINAL colonne blanche\" src=\"http:\/\/claireloupiac.com\/wp-content\/uploads\/2013\/12\/FINAL-colonne-blanche-146x300.jpeg\" width=\"146\" height=\"300\" srcset=\"https:\/\/claireloupiac.com\/wp-content\/uploads\/2013\/12\/FINAL-colonne-blanche-146x300.jpeg 146w, https:\/\/claireloupiac.com\/wp-content\/uploads\/2013\/12\/FINAL-colonne-blanche-73x150.jpeg 73w, https:\/\/claireloupiac.com\/wp-content\/uploads\/2013\/12\/FINAL-colonne-blanche.jpeg 312w\" sizes=\"auto, (max-width: 146px) 100vw, 146px\" \/><\/a> <a title=\"Colonne jaune, papier - tirages num\u00e9riques - PVC, 360 x 55 cm.\" href=\"http:\/\/claireloupiac.com\/wp-content\/uploads\/2013\/12\/FINALcolonne-jaune.jpeg\"><img loading=\"lazy\" decoding=\"async\" class=\"alignnone size-medium wp-image-199\" alt=\"FINALcolonne jaune\" src=\"http:\/\/claireloupiac.com\/wp-content\/uploads\/2013\/12\/FINALcolonne-jaune-92x300.jpeg\" width=\"92\" height=\"300\" srcset=\"https:\/\/claireloupiac.com\/wp-content\/uploads\/2013\/12\/FINALcolonne-jaune-92x300.jpeg 92w, https:\/\/claireloupiac.com\/wp-content\/uploads\/2013\/12\/FINALcolonne-jaune-46x150.jpeg 46w\" sizes=\"auto, (max-width: 92px) 100vw, 92px\" \/><\/a><a title=\"Lectures, papier - tirages num\u00e9riques - PVC - poly\u00e9thyl\u00e8ne, 360 x 60 cm.\" href=\"http:\/\/claireloupiac.com\/wp-content\/uploads\/2013\/12\/Acolonne-2010.jpeg\"><img loading=\"lazy\" decoding=\"async\" class=\"alignnone size-medium wp-image-197\" alt=\"Acolonne 2010\" src=\"http:\/\/claireloupiac.com\/wp-content\/uploads\/2013\/12\/Acolonne-2010-199x300.jpeg\" width=\"199\" height=\"300\" srcset=\"https:\/\/claireloupiac.com\/wp-content\/uploads\/2013\/12\/Acolonne-2010-199x300.jpeg 199w, https:\/\/claireloupiac.com\/wp-content\/uploads\/2013\/12\/Acolonne-2010-99x150.jpeg 99w, https:\/\/claireloupiac.com\/wp-content\/uploads\/2013\/12\/Acolonne-2010.jpeg 426w\" sizes=\"auto, (max-width: 199px) 100vw, 199px\" \/><\/a><a title=\"Le souffle des demoiselles - d\u00e9tail, papier - tirages num\u00e9riques - PVC, 5 m x 70cm.\" href=\"http:\/\/claireloupiac.com\/wp-content\/uploads\/2013\/12\/FINALcolonnerouge.jpg\"><img loading=\"lazy\" decoding=\"async\" class=\"alignnone size-medium wp-image-257\" alt=\"FINALcolonnerouge\" src=\"http:\/\/claireloupiac.com\/wp-content\/uploads\/2013\/12\/FINALcolonnerouge-135x300.jpg\" width=\"135\" height=\"300\" srcset=\"https:\/\/claireloupiac.com\/wp-content\/uploads\/2013\/12\/FINALcolonnerouge-135x300.jpg 135w, https:\/\/claireloupiac.com\/wp-content\/uploads\/2013\/12\/FINALcolonnerouge-67x150.jpg 67w, https:\/\/claireloupiac.com\/wp-content\/uploads\/2013\/12\/FINALcolonnerouge.jpg 288w\" sizes=\"auto, (max-width: 135px) 100vw, 135px\" \/><\/a><\/p>\n","protected":false},"excerpt":{"rendered":"","protected":false},"author":1,"featured_media":0,"parent":44,"menu_order":2,"comment_status":"open","ping_status":"closed","template":"portfolio.php","meta":{"footnotes":""},"class_list":["post-196","page","type-page","status-publish","hentry"],"_links":{"self":[{"href":"https:\/\/claireloupiac.com\/index.php?rest_route=\/wp\/v2\/pages\/196","targetHints":{"allow":["GET"]}}],"collection":[{"href":"https:\/\/claireloupiac.com\/index.php?rest_route=\/wp\/v2\/pages"}],"about":[{"href":"https:\/\/claireloupiac.com\/index.php?rest_route=\/wp\/v2\/types\/page"}],"author":[{"embeddable":true,"href":"https:\/\/claireloupiac.com\/index.php?rest_route=\/wp\/v2\/users\/1"}],"replies":[{"embeddable":true,"href":"https:\/\/claireloupiac.com\/index.php?rest_route=%2Fwp%2Fv2%2Fcomments&post=196"}],"version-history":[{"count":15,"href":"https:\/\/claireloupiac.com\/index.php?rest_route=\/wp\/v2\/pages\/196\/revisions"}],"predecessor-version":[{"id":568,"href":"https:\/\/claireloupiac.com\/index.php?rest_route=\/wp\/v2\/pages\/196\/revisions\/568"}],"up":[{"embeddable":true,"href":"https:\/\/claireloupiac.com\/index.php?rest_route=\/wp\/v2\/pages\/44"}],"wp:attachment":[{"href":"https:\/\/claireloupiac.com\/index.php?rest_route=%2Fwp%2Fv2%2Fmedia&parent=196"}],"curies":[{"name":"wp","href":"https:\/\/api.w.org\/{rel}","templated":true}]}}