{"id":121,"date":"2013-12-11T11:18:19","date_gmt":"2013-12-11T09:18:19","guid":{"rendered":"http:\/\/claireloupiac.com\/?page_id=121"},"modified":"2014-05-08T22:48:42","modified_gmt":"2014-05-08T20:48:42","slug":"resonnances","status":"publish","type":"page","link":"https:\/\/claireloupiac.com\/?page_id=121","title":{"rendered":"R\u00e9sonnances"},"content":{"rendered":"<p><a title=\"A perte de vue, aquarelle sur papier et tirage sur adh\u00e9sif transparent, 95 x 120 cm.\" href=\"http:\/\/claireloupiac.com\/wp-content\/uploads\/2013\/12\/a-longueur-de-tpscontrast\u00e9.jpeg\"><img loading=\"lazy\" decoding=\"async\" class=\"size-medium wp-image-122\" alt=\"a longueur de tpscontrast\u00e9\" src=\"http:\/\/claireloupiac.com\/wp-content\/uploads\/2013\/12\/a-longueur-de-tpscontrast\u00e9-238x300.jpeg\" width=\"238\" height=\"300\" srcset=\"https:\/\/claireloupiac.com\/wp-content\/uploads\/2013\/12\/a-longueur-de-tpscontrast\u00e9-238x300.jpeg 238w, https:\/\/claireloupiac.com\/wp-content\/uploads\/2013\/12\/a-longueur-de-tpscontrast\u00e9-119x150.jpeg 119w, https:\/\/claireloupiac.com\/wp-content\/uploads\/2013\/12\/a-longueur-de-tpscontrast\u00e9.jpeg 480w\" sizes=\"auto, (max-width: 238px) 100vw, 238px\" \/><\/a><a title=\"Chromatic breath,  aquarelle sur papier et tirage sur adh\u00e9sif transparent, 95 x 120 cm.\" href=\"http:\/\/claireloupiac.com\/wp-content\/uploads\/2013\/12\/ChromaticBreath.jpeg\"><img loading=\"lazy\" decoding=\"async\" class=\"alignnone size-medium wp-image-123\" alt=\"ChromaticBreath\" src=\"http:\/\/claireloupiac.com\/wp-content\/uploads\/2013\/12\/ChromaticBreath-238x300.jpeg\" width=\"238\" height=\"300\" srcset=\"https:\/\/claireloupiac.com\/wp-content\/uploads\/2013\/12\/ChromaticBreath-238x300.jpeg 238w, https:\/\/claireloupiac.com\/wp-content\/uploads\/2013\/12\/ChromaticBreath-119x150.jpeg 119w, https:\/\/claireloupiac.com\/wp-content\/uploads\/2013\/12\/ChromaticBreath.jpeg 480w\" sizes=\"auto, (max-width: 238px) 100vw, 238px\" \/><\/a>\u00a0<a title=\"Particules,  aquarelle sur papier et tirage sur adh\u00e9sif transparent, 95 x 120 cm.\" href=\"http:\/\/claireloupiac.com\/wp-content\/uploads\/2013\/12\/Conciliations.jpeg\"><img loading=\"lazy\" decoding=\"async\" class=\"alignnone size-medium wp-image-276\" alt=\"Conciliations\" src=\"http:\/\/claireloupiac.com\/wp-content\/uploads\/2013\/12\/Conciliations-300x236.jpeg\" width=\"300\" height=\"236\" srcset=\"https:\/\/claireloupiac.com\/wp-content\/uploads\/2013\/12\/Conciliations-300x236.jpeg 300w, https:\/\/claireloupiac.com\/wp-content\/uploads\/2013\/12\/Conciliations-150x118.jpeg 150w, https:\/\/claireloupiac.com\/wp-content\/uploads\/2013\/12\/Conciliations.jpeg 610w\" sizes=\"auto, (max-width: 300px) 100vw, 300px\" \/><\/a> <a title=\"La goutte de sang,  aquarelle sur papier et tirage sur adh\u00e9sif transparent, 71 x 110 cm.\" href=\"http:\/\/claireloupiac.com\/wp-content\/uploads\/2013\/12\/goutte-de-sangsans-cadre.jpg\"><img loading=\"lazy\" decoding=\"async\" class=\"alignnone size-medium wp-image-541\" alt=\"goutte de sangsans cadre\" src=\"http:\/\/claireloupiac.com\/wp-content\/uploads\/2013\/12\/goutte-de-sangsans-cadre-189x300.jpg\" width=\"189\" height=\"300\" data-id=\"541\" srcset=\"https:\/\/claireloupiac.com\/wp-content\/uploads\/2013\/12\/goutte-de-sangsans-cadre-189x300.jpg 189w, https:\/\/claireloupiac.com\/wp-content\/uploads\/2013\/12\/goutte-de-sangsans-cadre-94x150.jpg 94w, https:\/\/claireloupiac.com\/wp-content\/uploads\/2013\/12\/goutte-de-sangsans-cadre-646x1024.jpg 646w, https:\/\/claireloupiac.com\/wp-content\/uploads\/2013\/12\/goutte-de-sangsans-cadre.jpg 951w\" sizes=\"auto, (max-width: 189px) 100vw, 189px\" \/><\/a><a title=\"Solution \/ Dissolution, Aquarelle sur papier et tirage num\u00e9rique sur adh\u00e9sif transparent,  95 x 120 cm\" href=\"http:\/\/claireloupiac.com\/wp-content\/uploads\/2013\/12\/Solutiondisolutioncontrast\u00e9.jpeg\"><img loading=\"lazy\" decoding=\"async\" class=\"alignnone size-medium wp-image-503\" alt=\"Solution \/ Dissolution\" src=\"http:\/\/claireloupiac.com\/wp-content\/uploads\/2013\/12\/Solutiondisolutioncontrast\u00e9.jpeg\" width=\"255\" height=\"325\" data-id=\"503\" srcset=\"https:\/\/claireloupiac.com\/wp-content\/uploads\/2013\/12\/Solutiondisolutioncontrast\u00e9.jpeg 480w, https:\/\/claireloupiac.com\/wp-content\/uploads\/2013\/12\/Solutiondisolutioncontrast\u00e9-118x150.jpeg 118w, https:\/\/claireloupiac.com\/wp-content\/uploads\/2013\/12\/Solutiondisolutioncontrast\u00e9-236x300.jpeg 236w\" sizes=\"auto, (max-width: 255px) 100vw, 255px\" \/><\/a><a title=\"Macrocosme, Aquarelle sur papier et tirage num\u00e9rique sur adh\u00e9sif transparent, 95 X 120 cm\" href=\"http:\/\/claireloupiac.com\/wp-content\/uploads\/2013\/12\/macrocosme.jpg\"><img loading=\"lazy\" decoding=\"async\" class=\"alignnone size-medium wp-image-412\" alt=\"macrocosme\" src=\"http:\/\/claireloupiac.com\/wp-content\/uploads\/2013\/12\/macrocosme-237x300.jpg\" width=\"237\" height=\"300\" srcset=\"https:\/\/claireloupiac.com\/wp-content\/uploads\/2013\/12\/macrocosme-237x300.jpg 237w, https:\/\/claireloupiac.com\/wp-content\/uploads\/2013\/12\/macrocosme-118x150.jpg 118w, https:\/\/claireloupiac.com\/wp-content\/uploads\/2013\/12\/macrocosme.jpg 480w\" sizes=\"auto, (max-width: 237px) 100vw, 237px\" \/><\/a><a title=\"Sources, aquarelle sur papier et photographie sur adh\u00e9sif transparent, 83 x 119 cm.\" href=\"http:\/\/claireloupiac.com\/wp-content\/uploads\/2013\/12\/sources.jpeg\"><img loading=\"lazy\" decoding=\"async\" class=\"alignnone size-medium wp-image-516\" alt=\"sources\" src=\"http:\/\/claireloupiac.com\/wp-content\/uploads\/2013\/12\/sources.jpeg\" width=\"263\" height=\"366\" data-id=\"516\" srcset=\"https:\/\/claireloupiac.com\/wp-content\/uploads\/2013\/12\/sources.jpeg 460w, https:\/\/claireloupiac.com\/wp-content\/uploads\/2013\/12\/sources-107x150.jpeg 107w, https:\/\/claireloupiac.com\/wp-content\/uploads\/2013\/12\/sources-215x300.jpeg 215w\" sizes=\"auto, (max-width: 263px) 100vw, 263px\" \/><\/a><a title=\"Correspondances,  aquarelle sur papier et tirage sur adh\u00e9sif transparent, 95 x 120 cm.\" href=\"http:\/\/claireloupiac.com\/wp-content\/uploads\/2013\/12\/Correspondances.jpeg\"><img loading=\"lazy\" decoding=\"async\" class=\"alignnone size-medium wp-image-124\" alt=\"Correspondances\" src=\"http:\/\/claireloupiac.com\/wp-content\/uploads\/2013\/12\/Correspondances-300x237.jpeg\" width=\"300\" height=\"237\" srcset=\"https:\/\/claireloupiac.com\/wp-content\/uploads\/2013\/12\/Correspondances-300x237.jpeg 300w, https:\/\/claireloupiac.com\/wp-content\/uploads\/2013\/12\/Correspondances-150x118.jpeg 150w, https:\/\/claireloupiac.com\/wp-content\/uploads\/2013\/12\/Correspondances.jpeg 606w\" sizes=\"auto, (max-width: 300px) 100vw, 300px\" \/><\/a><a title=\"Petit ange de la nuit, Aquarelle sur papier et tirages num\u00e9riques sur adh\u00e9sif, 72 x 122,5\" href=\"http:\/\/claireloupiac.com\/wp-content\/uploads\/2014\/04\/d\u00e9tail3petit-ange.jpeg\"><img loading=\"lazy\" decoding=\"async\" alt=\"d\u00e9tail3petit ange\" src=\"http:\/\/claireloupiac.com\/wp-content\/uploads\/2014\/04\/d\u00e9tail3petit-ange.jpeg\" width=\"273\" height=\"364\" data-id=\"509\" \/><\/a><a title=\"Constellations v\u00e9g\u00e9tales, aquarelle sur papier et photographie sur adh\u00e9sif transparent, 80 x 118 cm.\" href=\"http:\/\/claireloupiac.com\/wp-content\/uploads\/2013\/12\/constellation-v\u00e9g\u00e9tale.jpeg\"><img loading=\"lazy\" decoding=\"async\" class=\"alignnone size-medium wp-image-519\" alt=\"constellation v\u00e9g\u00e9tale\" src=\"http:\/\/claireloupiac.com\/wp-content\/uploads\/2013\/12\/constellation-v\u00e9g\u00e9tale.jpeg\" width=\"265\" height=\"400\" data-id=\"519\" srcset=\"https:\/\/claireloupiac.com\/wp-content\/uploads\/2013\/12\/constellation-v\u00e9g\u00e9tale.jpeg 425w, https:\/\/claireloupiac.com\/wp-content\/uploads\/2013\/12\/constellation-v\u00e9g\u00e9tale-99x150.jpeg 99w, https:\/\/claireloupiac.com\/wp-content\/uploads\/2013\/12\/constellation-v\u00e9g\u00e9tale-199x300.jpeg 199w\" sizes=\"auto, (max-width: 265px) 100vw, 265px\" \/><\/a><a title=\"Rivolit, Aquarelle sur papier et tirage num\u00e9rique sur adh\u00e9sif transparent, 50 x 120 cm\" href=\"http:\/\/claireloupiac.com\/wp-content\/uploads\/2013\/12\/rivolit.jpeg\"><img loading=\"lazy\" decoding=\"async\" class=\"alignnone size-full wp-image-521\" alt=\"rivolit\" src=\"http:\/\/claireloupiac.com\/wp-content\/uploads\/2013\/12\/rivolit.jpeg\" width=\"481\" height=\"166\" data-id=\"521\" srcset=\"https:\/\/claireloupiac.com\/wp-content\/uploads\/2013\/12\/rivolit.jpeg 640w, https:\/\/claireloupiac.com\/wp-content\/uploads\/2013\/12\/rivolit-150x51.jpeg 150w, https:\/\/claireloupiac.com\/wp-content\/uploads\/2013\/12\/rivolit-300x103.jpeg 300w\" sizes=\"auto, (max-width: 481px) 100vw, 481px\" \/><\/a><\/p>\n<p>&nbsp;<\/p>\n","protected":false},"excerpt":{"rendered":"<p>\u00a0 &nbsp;<\/p>\n","protected":false},"author":1,"featured_media":0,"parent":4,"menu_order":1,"comment_status":"open","ping_status":"closed","template":"portfolio.php","meta":{"footnotes":""},"class_list":["post-121","page","type-page","status-publish","hentry"],"_links":{"self":[{"href":"https:\/\/claireloupiac.com\/index.php?rest_route=\/wp\/v2\/pages\/121","targetHints":{"allow":["GET"]}}],"collection":[{"href":"https:\/\/claireloupiac.com\/index.php?rest_route=\/wp\/v2\/pages"}],"about":[{"href":"https:\/\/claireloupiac.com\/index.php?rest_route=\/wp\/v2\/types\/page"}],"author":[{"embeddable":true,"href":"https:\/\/claireloupiac.com\/index.php?rest_route=\/wp\/v2\/users\/1"}],"replies":[{"embeddable":true,"href":"https:\/\/claireloupiac.com\/index.php?rest_route=%2Fwp%2Fv2%2Fcomments&post=121"}],"version-history":[{"count":33,"href":"https:\/\/claireloupiac.com\/index.php?rest_route=\/wp\/v2\/pages\/121\/revisions"}],"predecessor-version":[{"id":554,"href":"https:\/\/claireloupiac.com\/index.php?rest_route=\/wp\/v2\/pages\/121\/revisions\/554"}],"up":[{"embeddable":true,"href":"https:\/\/claireloupiac.com\/index.php?rest_route=\/wp\/v2\/pages\/4"}],"wp:attachment":[{"href":"https:\/\/claireloupiac.com\/index.php?rest_route=%2Fwp%2Fv2%2Fmedia&parent=121"}],"curies":[{"name":"wp","href":"https:\/\/api.w.org\/{rel}","templated":true}]}}